{"id":62,"date":"2026-03-05T08:34:05","date_gmt":"2026-03-05T08:34:05","guid":{"rendered":"https:\/\/aspenas-d188362c.vega-beacon.thedock.space\/mat-och-dryck\/seatons-bistro\/"},"modified":"2026-04-29T10:37:17","modified_gmt":"2026-04-29T10:37:17","slug":"seatons-bistro","status":"publish","type":"page","link":"https:\/\/aspenasherrgard.se\/mat-och-dryck\/seatons-bistro\/","title":{"rendered":"Seatons Bistro &#8211; Festv\u00e5ningen f\u00f6r mindre tillst\u00e4llningar"},"content":{"rendered":"<p>V&aring;r bistro en trappa ner fr&aring;n herrg&aring;rdens entr&eacute; &auml;r en perfekt plats f&ouml;r mindre tillst&auml;llningar!<\/p> <p>Planerar du ett mindre br&ouml;llop med n&auml;ra och k&auml;ra? Kanske ska ni snart fira ett jubileum eller en f&ouml;delsedag? Eller ska f&ouml;retaget ha en fest men inte hittat r&auml;tt plats att vara &auml;nnu?&nbsp;Seatons Bistro&nbsp;hittar ni en trappa ner fr&aring;n herrg&aring;rdens entr&eacute;. H&auml;r m&ouml;ts ni av en herrg&aring;rds-bistro med bar och vink&auml;llare precis intill, en perfekt plats f&ouml;r dig som &ouml;nskar fira eller firas!<\/p> <p>Seatons Bistro&nbsp;har plats f&ouml;r upp till 50 personer f&ouml;rdelat mellan v&aring;r bistro och vink&auml;llare.<\/p> <p>F&ouml;r att boka din n&auml;sta tillst&auml;llning p&aring; Aspen&auml;s Herrg&aring;rd ber vi dig kontakta v&aring;r bokningsavdelning:<\/p> <p>&#x62;&#x6f;&#107;&#x6e;&#x69;&#110;&#103;&#64;&#97;&#115;&#x70;&#x65;&#x6e;&#97;&#115;&#104;&#x65;&#x72;&#114;&#103;&#97;&#x72;&#100;&#x2e;&#99;&#x6f;&#x6d;<\/p> <p>Bokningsavdelningen hj&auml;lper dig med allt du beh&ouml;ver, fr&aring;n dekorationer och pynt till middag som serveras under tillst&auml;llningen!<\/p>","protected":false},"excerpt":{"rendered":"<p>V&aring;r bistro en trappa ner fr&aring;n herrg&aring;rdens entr&eacute; &auml;r en perfekt plats f&ouml;r mindre tillst&auml;llningar! Planerar du ett mindre br&ouml;llop\u2026<\/p>\n","protected":false},"author":1,"featured_media":271,"parent":26,"menu_order":0,"comment_status":"closed","ping_status":"closed","template":"templates\/_custom-layout-24.php","meta":{"footnotes":""},"class_list":["post-62","page","type-page","status-publish","has-post-thumbnail","hentry"],"acf":{"booking_link":"","module_f94ea497113a4":{"bilder":[276,272,271]}},"_links":{"self":[{"href":"https:\/\/aspenasherrgard.se\/wp-json\/wp\/v2\/pages\/62","targetHints":{"allow":["GET"]}}],"collection":[{"href":"https:\/\/aspenasherrgard.se\/wp-json\/wp\/v2\/pages"}],"about":[{"href":"https:\/\/aspenasherrgard.se\/wp-json\/wp\/v2\/types\/page"}],"author":[{"embeddable":true,"href":"https:\/\/aspenasherrgard.se\/wp-json\/wp\/v2\/users\/1"}],"replies":[{"embeddable":true,"href":"https:\/\/aspenasherrgard.se\/wp-json\/wp\/v2\/comments?post=62"}],"version-history":[{"count":5,"href":"https:\/\/aspenasherrgard.se\/wp-json\/wp\/v2\/pages\/62\/revisions"}],"predecessor-version":[{"id":812,"href":"https:\/\/aspenasherrgard.se\/wp-json\/wp\/v2\/pages\/62\/revisions\/812"}],"up":[{"embeddable":true,"href":"https:\/\/aspenasherrgard.se\/wp-json\/wp\/v2\/pages\/26"}],"wp:featuredmedia":[{"embeddable":true,"href":"https:\/\/aspenasherrgard.se\/wp-json\/wp\/v2\/media\/271"}],"wp:attachment":[{"href":"https:\/\/aspenasherrgard.se\/wp-json\/wp\/v2\/media?parent=62"}],"curies":[{"name":"wp","href":"https:\/\/api.w.org\/{rel}","templated":true}]}}