{"id":58,"date":"2026-03-05T08:32:30","date_gmt":"2026-03-05T08:32:30","guid":{"rendered":"https:\/\/aspenas-d188362c.vega-beacon.thedock.space\/mote\/motesforfragan\/"},"modified":"2026-03-05T08:32:30","modified_gmt":"2026-03-05T08:32:30","slug":"motesforfragan","status":"publish","type":"page","link":"https:\/\/aspenasherrgard.se\/mote\/motesforfragan\/","title":{"rendered":"M\u00f6tesf\u00f6rfr\u00e5gan"},"content":{"rendered":"","protected":false},"excerpt":{"rendered":"","protected":false},"author":1,"featured_media":0,"parent":28,"menu_order":0,"comment_status":"closed","ping_status":"closed","template":"","meta":{"footnotes":""},"class_list":["post-58","page","type-page","status-publish","hentry"],"acf":{"booking_link":null},"_links":{"self":[{"href":"https:\/\/aspenasherrgard.se\/wp-json\/wp\/v2\/pages\/58","targetHints":{"allow":["GET"]}}],"collection":[{"href":"https:\/\/aspenasherrgard.se\/wp-json\/wp\/v2\/pages"}],"about":[{"href":"https:\/\/aspenasherrgard.se\/wp-json\/wp\/v2\/types\/page"}],"author":[{"embeddable":true,"href":"https:\/\/aspenasherrgard.se\/wp-json\/wp\/v2\/users\/1"}],"replies":[{"embeddable":true,"href":"https:\/\/aspenasherrgard.se\/wp-json\/wp\/v2\/comments?post=58"}],"version-history":[{"count":1,"href":"https:\/\/aspenasherrgard.se\/wp-json\/wp\/v2\/pages\/58\/revisions"}],"predecessor-version":[{"id":59,"href":"https:\/\/aspenasherrgard.se\/wp-json\/wp\/v2\/pages\/58\/revisions\/59"}],"up":[{"embeddable":true,"href":"https:\/\/aspenasherrgard.se\/wp-json\/wp\/v2\/pages\/28"}],"wp:attachment":[{"href":"https:\/\/aspenasherrgard.se\/wp-json\/wp\/v2\/media?parent=58"}],"curies":[{"name":"wp","href":"https:\/\/api.w.org\/{rel}","templated":true}]}}