{"id":639,"date":"2026-04-29T06:47:52","date_gmt":"2026-04-29T06:47:52","guid":{"rendered":"https:\/\/aspenas-d188362c.vega-beacon.thedock.space\/?page_id=639"},"modified":"2026-04-29T06:47:52","modified_gmt":"2026-04-29T06:47:52","slug":"stornierungsbedingungen","status":"publish","type":"page","link":"https:\/\/aspenasherrgard.se\/de\/stornierungsbedingungen\/","title":{"rendered":"Stornierungsbedingungen"},"content":{"rendered":"<p>Bei Buchungen f\u00fcr gr\u00f6\u00dfere Gruppen und Konferenzen gelten Stornobedingungen, die Sie unten finden.<\/p> <p>Klicken Sie auf den Text, um den Inhalt zu vergr\u00f6\u00dfern.<\/p> <p><span class='media-wrapper' style=\"\"><img decoding=\"async\" class=\"wp-image-33 size-full is-portrait\" src=\"data:image\/svg+xml;charset=utf-8,&lt;svg xmlns=&#039;http:\/\/www.w3.org\/2000\/svg&#039; viewBox=&#039;0 0 1170 1576&#039;&gt;&lt;\/svg&gt;\" alt=\"\" width=\"1170\" height=\"1576\" data-src=\"https:\/\/aspenasherrgard.se\/wp-content\/uploads\/2026\/03\/avbokningsvillkor-111x150.png\" data-object-fit=\"cover\" data-srcset=\"https:\/\/aspenasherrgard.se\/wp-content\/uploads\/2026\/03\/avbokningsvillkor-111x150.png 111w, https:\/\/aspenasherrgard.se\/wp-content\/uploads\/2026\/03\/avbokningsvillkor-223x300.png 223w, https:\/\/aspenasherrgard.se\/wp-content\/uploads\/2026\/03\/avbokningsvillkor-760x1024.png 760w, https:\/\/aspenasherrgard.se\/wp-content\/uploads\/2026\/03\/avbokningsvillkor-768x1035.png 768w, https:\/\/aspenasherrgard.se\/wp-content\/uploads\/2026\/03\/avbokningsvillkor-1140x1536.png 1140w, https:\/\/aspenasherrgard.se\/wp-content\/uploads\/2026\/03\/avbokningsvillkor.png 1170w\" \/><\/span><\/p>","protected":false},"excerpt":{"rendered":"<p>Bei Buchungen f\u00fcr gr\u00f6\u00dfere Gruppen und Konferenzen gelten Stornobedingungen, die Sie unten finden. Klicken Sie auf den Text, um den\u2026<\/p>\n","protected":false},"author":1,"featured_media":0,"parent":0,"menu_order":0,"comment_status":"closed","ping_status":"closed","template":"","meta":{"footnotes":""},"class_list":["post-639","page","type-page","status-publish","hentry"],"acf":{"booking_link":null},"_links":{"self":[{"href":"https:\/\/aspenasherrgard.se\/wp-json\/wp\/v2\/pages\/639","targetHints":{"allow":["GET"]}}],"collection":[{"href":"https:\/\/aspenasherrgard.se\/wp-json\/wp\/v2\/pages"}],"about":[{"href":"https:\/\/aspenasherrgard.se\/wp-json\/wp\/v2\/types\/page"}],"author":[{"embeddable":true,"href":"https:\/\/aspenasherrgard.se\/wp-json\/wp\/v2\/users\/1"}],"replies":[{"embeddable":true,"href":"https:\/\/aspenasherrgard.se\/wp-json\/wp\/v2\/comments?post=639"}],"version-history":[{"count":1,"href":"https:\/\/aspenasherrgard.se\/wp-json\/wp\/v2\/pages\/639\/revisions"}],"predecessor-version":[{"id":673,"href":"https:\/\/aspenasherrgard.se\/wp-json\/wp\/v2\/pages\/639\/revisions\/673"}],"wp:attachment":[{"href":"https:\/\/aspenasherrgard.se\/wp-json\/wp\/v2\/media?parent=639"}],"curies":[{"name":"wp","href":"https:\/\/api.w.org\/{rel}","templated":true}]}}