{"id":615,"date":"2026-04-29T06:47:52","date_gmt":"2026-04-29T06:47:52","guid":{"rendered":"https:\/\/aspenas-d188362c.vega-beacon.thedock.space\/?page_id=615"},"modified":"2026-04-29T06:47:52","modified_gmt":"2026-04-29T06:47:52","slug":"seatons-bistro-festetage-fur-kleinere-veranstaltungen","status":"publish","type":"page","link":"https:\/\/aspenasherrgard.se\/de\/seatons-bistro-festetage-fur-kleinere-veranstaltungen\/","title":{"rendered":"Seatons Bistro &#8211; Festetage f\u00fcr kleinere Veranstaltungen"},"content":{"rendered":"<p>Unsere Bistro, eine Treppe unterhalb des Haupteingangs des Herrenhauses, ist der perfekte Ort f\u00fcr kleinere Veranstaltungen!<\/p> <p>Planen Sie eine kleine Hochzeit mit nahen und lieben Menschen? Vielleicht feiern Sie bald ein Jubil\u00e4um oder einen Geburtstag? Oder soll das Unternehmen eine Party feiern, aber noch keinen geeigneten Ort gefunden haben? Die Seatons Bistro finden Sie eine Treppe unterhalb des Haupteingangs des Herrenhauses. Hier werden Sie von einer Herrenhaus-Bistro mit Bar und Weinkeller direkt daneben begr\u00fc\u00dft &#8211; ein perfekter Ort f\u00fcr Sie, wenn Sie feiern oder gefeiert werden m\u00f6chten!<\/p> <p>Die Seatons Bistro bietet Platz f\u00fcr bis zu 50 Personen, verteilt auf unsere Bistro und den Weinkeller.<\/p> <p>Um Ihre n\u00e4chste Veranstaltung auf dem Aspen\u00e4s Herrenhaus zu buchen, bitten wir Sie, unsere Buchungsabteilung zu kontaktieren:<\/p> <p>&#75;&#111;&#x6e;&#102;&#x65;&#114;&#x65;&#x6e;&#122;&#x40;&#97;&#115;&#x70;&#x65;&#110;&#x61;&#115;&#104;&#101;&#114;&#x72;&#103;&#x61;&#x72;&#100;&#46;&#x63;&#111;&#109;<\/p> <p>Die Buchungsabteilung hilft Ihnen bei allem, was Sie ben\u00f6tigen &#8211; von Dekorationen und Schmuck bis hin zum Abendessen, das w\u00e4hrend der Veranstaltung serviert wird!<\/p>","protected":false},"excerpt":{"rendered":"<p>Unsere Bistro, eine Treppe unterhalb des Haupteingangs des Herrenhauses, ist der perfekte Ort f\u00fcr kleinere Veranstaltungen! Planen Sie eine kleine\u2026<\/p>\n","protected":false},"author":1,"featured_media":271,"parent":0,"menu_order":0,"comment_status":"closed","ping_status":"closed","template":"templates\/_custom-layout-24.php","meta":{"footnotes":""},"class_list":["post-615","page","type-page","status-publish","has-post-thumbnail","hentry"],"acf":{"booking_link":"","module_f94ea497113a4":{"bilder":[276,272,271]}},"_links":{"self":[{"href":"https:\/\/aspenasherrgard.se\/wp-json\/wp\/v2\/pages\/615","targetHints":{"allow":["GET"]}}],"collection":[{"href":"https:\/\/aspenasherrgard.se\/wp-json\/wp\/v2\/pages"}],"about":[{"href":"https:\/\/aspenasherrgard.se\/wp-json\/wp\/v2\/types\/page"}],"author":[{"embeddable":true,"href":"https:\/\/aspenasherrgard.se\/wp-json\/wp\/v2\/users\/1"}],"replies":[{"embeddable":true,"href":"https:\/\/aspenasherrgard.se\/wp-json\/wp\/v2\/comments?post=615"}],"version-history":[{"count":1,"href":"https:\/\/aspenasherrgard.se\/wp-json\/wp\/v2\/pages\/615\/revisions"}],"predecessor-version":[{"id":681,"href":"https:\/\/aspenasherrgard.se\/wp-json\/wp\/v2\/pages\/615\/revisions\/681"}],"wp:featuredmedia":[{"embeddable":true,"href":"https:\/\/aspenasherrgard.se\/wp-json\/wp\/v2\/media\/271"}],"wp:attachment":[{"href":"https:\/\/aspenasherrgard.se\/wp-json\/wp\/v2\/media?parent=615"}],"curies":[{"name":"wp","href":"https:\/\/api.w.org\/{rel}","templated":true}]}}