{"id":496,"date":"2026-04-29T06:47:53","date_gmt":"2026-04-29T06:47:53","guid":{"rendered":"https:\/\/aspenas-d188362c.vega-beacon.thedock.space\/?page_id=496"},"modified":"2026-04-29T06:47:53","modified_gmt":"2026-04-29T06:47:53","slug":"stornierungsbedingungen-2","status":"publish","type":"page","link":"https:\/\/aspenasherrgard.se\/de\/stornierungsbedingungen-2\/","title":{"rendered":"Stornierungsbedingungen"},"content":{"rendered":"<p class=\"has-medium-font-size\">BUCHUNG, BEST\u00c4TIGUNG UND BEZAHLUNG<\/p> <p class=\"has-normal-font-size\">Die Buchung ist bindend, sobald Sie die Buchung w\u00e4hrend des Buchungsgespr\u00e4chs best\u00e4tigt haben oder die Buchungsbest\u00e4tigung\/Buchungsnummer erhalten haben. Bei einer Online-Buchung wird der gesamte Betrag bei der Buchung reserviert. Eine Rechnung f\u00fcr den Aufenthalt wird nur an Unternehmen gestellt und ein Rechnungsunterlag muss uns vor der Ankunft vorliegen. Andernfalls erfolgt die Bezahlung bei der Ankunft.<\/p> <h3 class=\"has-medium-font-size has-auto-color\">STORNIERUNG PRIVATBUCHUNG<\/h3> <p class=\"has-normal-font-size\">Wir halten die Reservierung bis 20.00 Uhr. Danach behalten wir uns das Recht vor, das Zimmer zur\u00fcckzunehmen. Bei einer etwaigen Stornierung muss diese sp\u00e4testens um 16:00 Uhr des Vortages der Ankunft erfolgen, andernfalls haben wir das Recht, die ausbleibende \u00dcbernachtung zu berechnen. <em>Das Obige gilt f\u00fcr Gruppen bis zu 10 Personen. F\u00fcr Buchungen von mehr als 10 G\u00e4sten gelten die Bedingungen f\u00fcr Gruppenbuchungen (siehe unten)<\/em><\/p> <p class=\"has-normal-font-size\"><strong>Mehr als 10 Personen:<\/strong><\/p> <p class=\"has-normal-font-size\">Kostenfreie Stornierung bis zu 4 Wochen vor der Ankunft. Danach werden 75% der Kosten berechnet. Eine Stornierung sp\u00e4ter als 14 Tage vor der Ankunft wird mit den vollen Kosten berechnet.<\/p> <p class=\"has-normal-font-size\"><strong>F\u00fcr Gruppen, mehr als 50 Personen:<\/strong><\/p> <p class=\"has-normal-font-size\">Andere Stornierungsregeln gelten und wir bitten Sie, unsere Buchungsabteilung zu kontaktieren: &#98;&#111;&#x6b;&#110;&#105;&#x6e;&#103;&#64;&#97;&#x73;&#x70;&#x65;&#x6e;&#97;&#x73;&#104;&#101;&#114;&#x72;&#103;&#97;&#114;&#100;&#x2e;&#99;&#111;&#109;<\/p> <p>&nbsp;<\/p>","protected":false},"excerpt":{"rendered":"<p>BUCHUNG, BEST\u00c4TIGUNG UND BEZAHLUNG Die Buchung ist bindend, sobald Sie die Buchung w\u00e4hrend des Buchungsgespr\u00e4chs best\u00e4tigt haben oder die Buchungsbest\u00e4tigung\/Buchungsnummer\u2026<\/p>\n","protected":false},"author":1,"featured_media":0,"parent":0,"menu_order":0,"comment_status":"closed","ping_status":"closed","template":"","meta":{"footnotes":""},"class_list":["post-496","page","type-page","status-publish","hentry"],"acf":{"booking_link":""},"_links":{"self":[{"href":"https:\/\/aspenasherrgard.se\/wp-json\/wp\/v2\/pages\/496","targetHints":{"allow":["GET"]}}],"collection":[{"href":"https:\/\/aspenasherrgard.se\/wp-json\/wp\/v2\/pages"}],"about":[{"href":"https:\/\/aspenasherrgard.se\/wp-json\/wp\/v2\/types\/page"}],"author":[{"embeddable":true,"href":"https:\/\/aspenasherrgard.se\/wp-json\/wp\/v2\/users\/1"}],"replies":[{"embeddable":true,"href":"https:\/\/aspenasherrgard.se\/wp-json\/wp\/v2\/comments?post=496"}],"version-history":[{"count":1,"href":"https:\/\/aspenasherrgard.se\/wp-json\/wp\/v2\/pages\/496\/revisions"}],"predecessor-version":[{"id":690,"href":"https:\/\/aspenasherrgard.se\/wp-json\/wp\/v2\/pages\/496\/revisions\/690"}],"wp:attachment":[{"href":"https:\/\/aspenasherrgard.se\/wp-json\/wp\/v2\/media?parent=496"}],"curies":[{"name":"wp","href":"https:\/\/api.w.org\/{rel}","templated":true}]}}