{"id":30,"date":"2026-03-05T08:13:09","date_gmt":"2026-03-05T08:13:09","guid":{"rendered":"https:\/\/aspenas-d188362c.vega-beacon.thedock.space\/mote\/avbokningsvillkor\/"},"modified":"2026-03-05T08:14:05","modified_gmt":"2026-03-05T08:14:05","slug":"avbokningsvillkor","status":"publish","type":"page","link":"https:\/\/aspenasherrgard.se\/mote\/avbokningsvillkor\/","title":{"rendered":"Avbokningsvillkor"},"content":{"rendered":"<p>Vid bokning f\u00f6r st\u00f6rre grupper &amp; konferenser finns avbokningsvillkor som ni hittar nedan.<\/p> <p>Klicka p\u00e5 texten f\u00f6r att f\u00f6rstora inneh\u00e5llet.<\/p> <p><span class='media-wrapper' style=\"\"><img decoding=\"async\" class=\"wp-image-33 size-full is-portrait\" src=\"data:image\/svg+xml;charset=utf-8,&lt;svg xmlns=&#039;http:\/\/www.w3.org\/2000\/svg&#039; viewBox=&#039;0 0 1170 1576&#039;&gt;&lt;\/svg&gt;\" alt=\"\" width=\"1170\" height=\"1576\" data-src=\"https:\/\/aspenasherrgard.se\/wp-content\/uploads\/2026\/03\/avbokningsvillkor-111x150.png\" data-object-fit=\"cover\" data-srcset=\"https:\/\/aspenasherrgard.se\/wp-content\/uploads\/2026\/03\/avbokningsvillkor-111x150.png 111w, https:\/\/aspenasherrgard.se\/wp-content\/uploads\/2026\/03\/avbokningsvillkor-223x300.png 223w, https:\/\/aspenasherrgard.se\/wp-content\/uploads\/2026\/03\/avbokningsvillkor-760x1024.png 760w, https:\/\/aspenasherrgard.se\/wp-content\/uploads\/2026\/03\/avbokningsvillkor-768x1035.png 768w, https:\/\/aspenasherrgard.se\/wp-content\/uploads\/2026\/03\/avbokningsvillkor-1140x1536.png 1140w, https:\/\/aspenasherrgard.se\/wp-content\/uploads\/2026\/03\/avbokningsvillkor.png 1170w\" \/><\/span><\/p>","protected":false},"excerpt":{"rendered":"<p>Vid bokning f\u00f6r st\u00f6rre grupper &amp; konferenser finns avbokningsvillkor som ni hittar nedan. Klicka p\u00e5 texten f\u00f6r att f\u00f6rstora inneh\u00e5llet.<\/p>\n","protected":false},"author":1,"featured_media":0,"parent":28,"menu_order":0,"comment_status":"closed","ping_status":"closed","template":"","meta":{"footnotes":""},"class_list":["post-30","page","type-page","status-publish","hentry"],"acf":{"booking_link":null},"_links":{"self":[{"href":"https:\/\/aspenasherrgard.se\/wp-json\/wp\/v2\/pages\/30","targetHints":{"allow":["GET"]}}],"collection":[{"href":"https:\/\/aspenasherrgard.se\/wp-json\/wp\/v2\/pages"}],"about":[{"href":"https:\/\/aspenasherrgard.se\/wp-json\/wp\/v2\/types\/page"}],"author":[{"embeddable":true,"href":"https:\/\/aspenasherrgard.se\/wp-json\/wp\/v2\/users\/1"}],"replies":[{"embeddable":true,"href":"https:\/\/aspenasherrgard.se\/wp-json\/wp\/v2\/comments?post=30"}],"version-history":[{"count":2,"href":"https:\/\/aspenasherrgard.se\/wp-json\/wp\/v2\/pages\/30\/revisions"}],"predecessor-version":[{"id":34,"href":"https:\/\/aspenasherrgard.se\/wp-json\/wp\/v2\/pages\/30\/revisions\/34"}],"up":[{"embeddable":true,"href":"https:\/\/aspenasherrgard.se\/wp-json\/wp\/v2\/pages\/28"}],"wp:attachment":[{"href":"https:\/\/aspenasherrgard.se\/wp-json\/wp\/v2\/media?parent=30"}],"curies":[{"name":"wp","href":"https:\/\/api.w.org\/{rel}","templated":true}]}}